{"id":5,"date":"2018-02-18T20:22:59","date_gmt":"2018-02-18T19:22:59","guid":{"rendered":"http:\/\/trauma-emdr.com\/?page_id=5"},"modified":"2021-12-07T17:36:37","modified_gmt":"2021-12-07T16:36:37","slug":"ueber-mich","status":"publish","type":"page","link":"https:\/\/trauma-emdr.com\/index.php\/ueber-mich\/","title":{"rendered":"\u00dcber mich"},"content":{"rendered":"<h1 class=\"western\"><span style=\"font-size: large;\"><b>\u00dcber mich<\/b><\/span><\/h1>\n<div id=\"Bereich1\" dir=\"LTR\">\n<p><span>Herzlichen Willkommen!<br \/>\nSch\u00f6n, dass Sie mehr \u00fcber mich erfahren m\u00f6chten.\u00a0<\/span><\/p>\n<p><span>Wege entstehen dadurch, dass man sie geht. &#8211; Franz Kafka\u00a0<\/span><\/p>\n<p><span>Mein Weg begann in jungen Jahren in einer Konditorei; Dort kultivierte ich meine Liebe zur Kunst und zum Detail. Ein paar Jahre nach der Geburt meiner zwei S\u00f6hne, entschied ich mich f\u00fcr ein Studium zur Sozialwirtin, dessen Schwerpunkt in der Sozialpsychologie lag. Zur Zeit meines Studiums brachte ich eine wundervolle Tochter zu Welt und wuchs in dieser Zeit zus\u00e4tzlich an meinen Aufgaben. Schon fr\u00fch faszinierte mich die Arbeit mit Menschen auch im k\u00fcnstlerischen Kontext &#8211; eine musiktherapeutische Ausbildung lag somit nicht fern. Es folgten verschiedene Fortbildungen im Bereich der Trauma- und Psychotherapie und der Paarberatung.\u00a0<\/span><\/p>\n<p><span>Seit einigen Jahren bin ich als Gepr\u00e4chs- und Musiktherapeutin auf verschiedenen Palliativstationen t\u00e4tig und fungiere dort auch als Trauerbegleitung.<\/span><\/p>\n<p><span>Meine Freizeit verbringe ich gern auf der Tanzfl\u00e4che, am Meer oder mit meinen Freunden.\u00a0<\/span><\/p>\n<p><span>Meine Neugier, mein Einf\u00fchlungsverm\u00f6gen und mein Enthusiasmus f\u00fcr neue Herausforderungen haben mich mein ganzes Leben lang begleitet. Ich bringe einen gro\u00dfen Erfahrungsschatz mit in meine Arbeit und habe bereits viele Menschen mit diversen Schicksalen begleiten d\u00fcrfen.\u00a0<\/span><\/p>\n<p><strong>Aus- und Weiterbildungen im therapeutischen Kontext:<\/strong><\/p>\n<ul>\n<li><span>Seit 1997 Dipl. Sozialwirtin (Schwerpunkt Sozialpsychologie)<\/span><\/li>\n<li><span><\/span><span>Musiktherapieausbildung in Bielefeld<\/span><\/li>\n<li><span><\/span><span>Traumatherapieausbildung in Hamburg<\/span><\/li>\n<li><span><\/span><span>Trauerbegleitung<\/span><\/li>\n<li><span><\/span><span>Paarberatung in Darmstadt<\/span><\/li>\n<li><span><\/span><span>EMDR-Coaching in Hamburg(Zertifiziert) (Institut f\u00fcr EMDR und NLP, Mitglied der Europ\u00e4ischen Gesellschaft f\u00fcr Traumatherapie und EMDR e.V.)<\/span><\/li>\n<li><span><\/span><span>Fortbildung Psychotherapie nach dem HPG 2017 (noch ohne Abschluss)<\/span><\/li>\n<\/ul>\n<p><strong>Berufliche Engagements \u2013 summarisch:<\/strong><\/p>\n<ul>\n<li><span>langj\u00e4hrige Erfahrung in der ASP Arbeit (Ambulante Sozialpsychiatrie)<\/span><\/li>\n<li><span><\/span><span>langj\u00e4hrige Erfahrung auf einer Epilepsiestation<\/span><\/li>\n<li><span><\/span><span>langj\u00e4hrige Erfahrung als Musiktherapeutin auf einer Palliativstation<\/span><\/li>\n<li><span><\/span><span>langj\u00e4hrige Erfahrung als Musiktherapeutin auf einer Station f\u00fcr Essgest\u00f6rte<\/span><\/li>\n<li><span><\/span><span>langj\u00e4hrige Erfahrung als Musik,Traumatherapeutin und Paarberaterin in eigener Praxis<\/span><\/li>\n<li><span><\/span><span>seit 2018 freiberuflich t\u00e4tig in einer Eltern-Kind-Station psyisch erkrankter Eltern oder Kinder<\/span><\/li>\n<\/ul>\n<\/div>\n<p><span style=\"font-size: medium;\"><b>Allgemeines<\/b><\/span><\/p>\n<p><span style=\"font-size: medium;\"><b>Wertsch\u00e4tzung und Empathie<\/b><\/span><\/p>\n<p><span style=\"font-size: medium;\">Eine erfolgreiche Therapie basiert auf einer vertrauensvollen Beziehung zwischen Ihnen und mir als Therapeutin. Meine therapeutische Grundhaltung beinhaltet Einf\u00fchlungsverm\u00f6gen, Wertsch\u00e4tzung sowie Echtheit und Transparenz. Ihr Selbstbestimmungsrecht und Ihre Selbstverantwortung sind mir wichtig. Die Therapieplanung erfolgt individuell. Im Rahmen einer Problemanalyse entwickeln wir gemeinsam erreichbare Therapieziele, die wir im Verlauf der Behandlung immer wieder aktualisieren.<\/span><\/p>\n<h2 class=\"western\"><span style=\"font-size: medium;\">Sich weiterentwickeln und Handlungsm\u00f6glichkeiten erweitern<\/span><\/h2>\n<p><span style=\"font-size: medium;\">Durch verhaltensorientierte Methoden erlernen Sie neue Bew\u00e4ltigungsstrategien und vergr\u00f6\u00dfern Ihren Handlungsspielraum. In meiner Behandlung lernen Sie, belastende Lebensereignisse besser zu verarbeiten, gewohnte Denkweisen zu hinterfragen und hilfreiche innere Dialoge zu entwickeln. Kl\u00e4rungsorientierte Gespr\u00e4che und Verfahren helfen Ihnen, sich selbst besser zu verstehen. Dabei werden Ihnen erlernte Muster, Werte, Ziele, Grund\u00fcberzeugungen sowie Sichtweisen Ihrer selbst und Ihrer Beziehungen zu anderen bewusst gemacht. Sie lernen, ung\u00fcnstige Denkweisen zu ver\u00e4ndern und hilfreiche Blickwinkel im Alltag zu erproben. \u00dcbungen zur Selbstwahrnehmung, Entspannung und Achtsamkeit helfen, Ihre Gef\u00fchle, W\u00fcnsche, Bed\u00fcrfnisse und Handlungsimpulse besser wahrzunehmen. Alle Erlebensebenen, also Denken, F\u00fchlen, K\u00f6rperempfindungen und Verhalten, werden in die Therapie miteinbezogen.<\/span><\/p>\n","protected":false},"excerpt":{"rendered":"<p>\u00dcber mich Herzlichen Willkommen! Sch\u00f6n, dass Sie mehr \u00fcber mich erfahren m\u00f6chten.\u00a0 Wege entstehen dadurch, dass man sie geht. &#8211; Franz Kafka\u00a0 Mein Weg begann in jungen Jahren in einer Konditorei; Dort kultivierte ich meine Liebe zur Kunst und zum Detail. Ein paar Jahre nach der Geburt meiner zwei S\u00f6hne, [&hellip;]<\/p>\n","protected":false},"author":1,"featured_media":0,"parent":0,"menu_order":0,"comment_status":"closed","ping_status":"closed","template":"","meta":[],"_links":{"self":[{"href":"https:\/\/trauma-emdr.com\/index.php\/wp-json\/wp\/v2\/pages\/5"}],"collection":[{"href":"https:\/\/trauma-emdr.com\/index.php\/wp-json\/wp\/v2\/pages"}],"about":[{"href":"https:\/\/trauma-emdr.com\/index.php\/wp-json\/wp\/v2\/types\/page"}],"author":[{"embeddable":true,"href":"https:\/\/trauma-emdr.com\/index.php\/wp-json\/wp\/v2\/users\/1"}],"replies":[{"embeddable":true,"href":"https:\/\/trauma-emdr.com\/index.php\/wp-json\/wp\/v2\/comments?post=5"}],"version-history":[{"count":4,"href":"https:\/\/trauma-emdr.com\/index.php\/wp-json\/wp\/v2\/pages\/5\/revisions"}],"predecessor-version":[{"id":184,"href":"https:\/\/trauma-emdr.com\/index.php\/wp-json\/wp\/v2\/pages\/5\/revisions\/184"}],"wp:attachment":[{"href":"https:\/\/trauma-emdr.com\/index.php\/wp-json\/wp\/v2\/media?parent=5"}],"curies":[{"name":"wp","href":"https:\/\/api.w.org\/{rel}","templated":true}]}}