{"id":68,"date":"2018-04-02T22:27:02","date_gmt":"2018-04-02T20:27:02","guid":{"rendered":"http:\/\/trauma-emdr.com\/?page_id=68"},"modified":"2021-11-30T20:16:00","modified_gmt":"2021-11-30T19:16:00","slug":"emdr","status":"publish","type":"page","link":"https:\/\/trauma-emdr.com\/index.php\/therapieangebot\/emdr\/","title":{"rendered":"EMDR"},"content":{"rendered":"\t\t<div data-elementor-type=\"wp-page\" data-elementor-id=\"68\" class=\"elementor elementor-68\" data-elementor-settings=\"[]\">\n\t\t\t\t\t\t\t<div class=\"elementor-section-wrap\">\n\t\t\t\t\t\t\t<section class=\"elementor-section elementor-top-section elementor-element elementor-element-2475f0d0 elementor-section-boxed elementor-section-height-default elementor-section-height-default\" data-id=\"2475f0d0\" data-element_type=\"section\">\n\t\t\t\t\t\t<div class=\"elementor-container elementor-column-gap-default\">\n\t\t\t\t\t<div class=\"elementor-column elementor-col-100 elementor-top-column elementor-element elementor-element-36d0ae67\" data-id=\"36d0ae67\" data-element_type=\"column\">\n\t\t\t<div class=\"elementor-widget-wrap elementor-element-populated\">\n\t\t\t\t\t\t\t\t<div class=\"elementor-element elementor-element-43094b elementor-widget elementor-widget-text-editor\" data-id=\"43094b\" data-element_type=\"widget\" data-widget_type=\"text-editor.default\">\n\t\t\t\t<div class=\"elementor-widget-container\">\n\t\t\t\t\t\t\t<p><span><b>Was ist EMDR?<\/b><\/span><\/p><p><span>EMDR steht f\u00fcr Eye Movement Desensitization and Reprocessing, was auf Deutsch Desensibilisierung und Verarbeitung durch Augenbewegung bedeutet.\u00a0<\/span><\/p><p><span><a href=\"http:\/\/www.emdria.de\/emdr\/dr-francine-shapiro\/\" target=\"_blank\" data-saferedirecturl=\"https:\/\/www.google.com\/url?q=http:\/\/www.emdria.de\/emdr\/dr-francine-shapiro\/&amp;source=gmail&amp;ust=1638386039682000&amp;usg=AOvVaw2haS8EczAmKr4Hzeu4TYxs\" rel=\"noopener\">Dr. Francine Shapiro<\/a>\u00a0(<\/span><span>USA) entwickelte diese Psychotherapieform zur Behandlung von Traumafolgest\u00f6rungen Ende der 80er Jahre des letzten Jahrhunderts. Mit der EMDR-Methode k\u00f6nnen Traumafolgest\u00f6rungen bei Erwachsenen sowie Kindern und Jugendlichen behandelt werden. In Deutschland wird EMDR etwa seit 1991 angewendet. 2006 hat der wissenschaftliche Beirat f\u00fcr Psychotherapie EMDR als wissenschaftlich begr\u00fcndete Psychotherapiemethode anerkannt.<\/span><\/p><p><span>Die Wirksamkeit von EMDR ist durch zahlreiche wissenschaftliche Studien belegt. Die Forschungsergebnisse zeigen: Nach der Behandlung einer einfachen posttraumatischen Belastungsst\u00f6rung mit EMDR f\u00fchlen sich\u00a0<b>80 Prozent\u00a0<\/b>der Patientinnen und Patienten deutlich entlastet \u2013 und das bereits nach wenigen Sitzungen. Ein zentrales Element der EMDR-Behandlung ist die Nachverarbeitung der belastenden Erinnerung unter Nutzung bilateraler Stimulation: Die Patientin bzw. der Patient folgt den Fingern der Therapeutin mit den Augen, w\u00e4hrend diese ihre Hand abwechselnd nach rechts und links bewegt. Diese Stimulation unterst\u00fctzt das Gehirn, die eigenen Selbstheilungskr\u00e4fte zu aktivieren und die belastenden Erinnerungen zu verarbeiten.<\/span><\/p><p><span><b>Anwendungsgebiete von EMDR<\/b><\/span><\/p><p><span>EMDR ist in der Behandlung der posttraumatische Belastungsst\u00f6rung und anderen Traumafolgest\u00f6rungen wirksam. Aber auch bei Depressionen oder Angstzust\u00e4nden zeigt sich die Methode effektiv. Dies gilt besonders, wenn belastende Lebensereignisse in der Entstehung der St\u00f6rung eine bedeutsame Rolle spielen. Der zertifizierte EMDR-Therapeut erkennt die Zusammenh\u00e4nge in einer ausf\u00fchrlichen und fundierten Anamnese und kann die belastenden Erinnerungen mit EMDR wirksam bearbeiten.<\/span><\/p><p><span>Mit EMDR k\u00f6nnen behandelt werden:<\/span><\/p><ul><li><span><\/span><span>posttraumatische Belastungsst\u00f6rung (PTBS)<\/span><\/li><li><span><\/span><span>Auswirkungen belastender Lebenserfahrungen<\/span><\/li><li><span><\/span><span>starke Trauer nach Verlusterlebnissen<\/span><\/li><li><span><\/span><span>Folgen von Bindungstraumatisierungen<\/span><\/li><li><span><\/span><span>Entwicklungs- und Verhaltensst\u00f6rungen von Kindern<\/span><\/li><li><span><\/span><span>Depressionen<\/span><\/li><li><span><\/span><span>Angst- und Panikst\u00f6rungen<\/span><\/li><li><span><\/span><span>psychophysische Ersch\u00f6pfungssyndrome<\/span><\/li><li><span><\/span><span>chronische Schmerzen<\/span><\/li><li><span><\/span><span>stoffgebundene Abh\u00e4ngigkeit (besonders im Zusammenhang mit einer Traumafolgest\u00f6rung)<\/span><\/li><\/ul><p><span><b>Wie wirkt EMDR?<\/b><\/span><\/p><p><span>Nach heutigem Kenntnisstand ist davon auszugehen, dass die abwechselnde Stimulierung der linken und der rechten Hirnh\u00e4lfte die Weiterleitung und Verarbeitung traumatischer Erinnerungen bahnt und damit deren Bew\u00e4ltigung f\u00f6rdert. So wird das Gehirn unterst\u00fctzt, die eigenen Selbstheilungskr\u00e4fte zu aktivieren und die belastenden Erinnerungen zu verarbeiten.<\/span><\/p><p><span><b>Das Vorgehen beim EMDR<\/b><\/span><\/p><p><span>EMDR geht standardisiert in acht Schritten vor, bei denen w\u00e4hrend des Wiedererinnerns an traumatisches Material eine bilaterale Hirnstimulation erfolgt: Meist geschieht dies, indem der Betroffene seine Augen rasch hin- und her bewegt und dabei einer bestimmten Fingerbewegung des Therapeuten folgt.<\/span><\/p><p><span>Auch andere Formen der bilateralen Stimulation durch z.B. T\u00f6ne oder abwechselndes Tippen auf die H\u00e4nde sind m\u00f6glich.<\/span><\/p><p><span>So einfach dies auf den ersten Blick wirkt, so wichtig ist dennoch ein sorgf\u00e4ltiges Einbinden der EMDR-Methode in einen Gesamtbehandlungsplan:<\/span><\/p><p><span>Eingebettet in Diagnostik, Stabilisierung und anschlie\u00dfende Integration des ver\u00e4nderten Erlebens kann EMDR ein sehr effizienter Baustein einer verhaltenstherapeutischen Behandlung von Traumafolgest\u00f6rungen sein.<\/span><\/p>\t\t\t\t\t\t<\/div>\n\t\t\t\t<\/div>\n\t\t\t\t\t<\/div>\n\t\t<\/div>\n\t\t\t\t\t\t\t<\/div>\n\t\t<\/section>\n\t\t\t\t\t\t<\/div>\n\t\t\t\t\t<\/div>\n\t\t","protected":false},"excerpt":{"rendered":"<p>Was ist EMDR? EMDR steht f\u00fcr Eye Movement Desensitization and Reprocessing, was auf Deutsch Desensibilisierung und Verarbeitung durch Augenbewegung bedeutet.\u00a0 Dr. Francine Shapiro\u00a0(USA) entwickelte diese Psychotherapieform zur Behandlung von Traumafolgest\u00f6rungen Ende der 80er Jahre des letzten Jahrhunderts. Mit der EMDR-Methode k\u00f6nnen Traumafolgest\u00f6rungen bei Erwachsenen sowie Kindern und Jugendlichen behandelt werden. [&hellip;]<\/p>\n","protected":false},"author":1,"featured_media":0,"parent":8,"menu_order":1,"comment_status":"closed","ping_status":"closed","template":"","meta":[],"_links":{"self":[{"href":"https:\/\/trauma-emdr.com\/index.php\/wp-json\/wp\/v2\/pages\/68"}],"collection":[{"href":"https:\/\/trauma-emdr.com\/index.php\/wp-json\/wp\/v2\/pages"}],"about":[{"href":"https:\/\/trauma-emdr.com\/index.php\/wp-json\/wp\/v2\/types\/page"}],"author":[{"embeddable":true,"href":"https:\/\/trauma-emdr.com\/index.php\/wp-json\/wp\/v2\/users\/1"}],"replies":[{"embeddable":true,"href":"https:\/\/trauma-emdr.com\/index.php\/wp-json\/wp\/v2\/comments?post=68"}],"version-history":[{"count":4,"href":"https:\/\/trauma-emdr.com\/index.php\/wp-json\/wp\/v2\/pages\/68\/revisions"}],"predecessor-version":[{"id":166,"href":"https:\/\/trauma-emdr.com\/index.php\/wp-json\/wp\/v2\/pages\/68\/revisions\/166"}],"up":[{"embeddable":true,"href":"https:\/\/trauma-emdr.com\/index.php\/wp-json\/wp\/v2\/pages\/8"}],"wp:attachment":[{"href":"https:\/\/trauma-emdr.com\/index.php\/wp-json\/wp\/v2\/media?parent=68"}],"curies":[{"name":"wp","href":"https:\/\/api.w.org\/{rel}","templated":true}]}}