{"id":74,"date":"2018-04-02T22:31:38","date_gmt":"2018-04-02T20:31:38","guid":{"rendered":"http:\/\/trauma-emdr.com\/?page_id=74"},"modified":"2021-12-12T16:31:15","modified_gmt":"2021-12-12T15:31:15","slug":"paarberatung","status":"publish","type":"page","link":"https:\/\/trauma-emdr.com\/index.php\/therapieangebot\/paarberatung\/","title":{"rendered":"Paarberatung"},"content":{"rendered":"\t\t<div data-elementor-type=\"wp-page\" data-elementor-id=\"74\" class=\"elementor elementor-74\" data-elementor-settings=\"[]\">\n\t\t\t\t\t\t\t<div class=\"elementor-section-wrap\">\n\t\t\t\t\t\t\t<section class=\"elementor-section elementor-top-section elementor-element elementor-element-5ab5ae96 elementor-section-boxed elementor-section-height-default elementor-section-height-default\" data-id=\"5ab5ae96\" data-element_type=\"section\">\n\t\t\t\t\t\t<div class=\"elementor-container elementor-column-gap-default\">\n\t\t\t\t\t<div class=\"elementor-column elementor-col-100 elementor-top-column elementor-element elementor-element-6723ae60\" data-id=\"6723ae60\" data-element_type=\"column\">\n\t\t\t<div class=\"elementor-widget-wrap elementor-element-populated\">\n\t\t\t\t\t\t\t\t<div class=\"elementor-element elementor-element-a81faab elementor-widget elementor-widget-text-editor\" data-id=\"a81faab\" data-element_type=\"widget\" data-widget_type=\"text-editor.default\">\n\t\t\t\t<div class=\"elementor-widget-container\">\n\t\t\t\t\t\t\t<p><span>Missverst\u00e4ndnisse und andauernde Diskussionen entstehen h\u00e4ufig durch, bereits in der Kindheit erlernte, ungesunde Kommunikationsmuster und Verhaltensweisen. In der Paarberatung gilt es diese zu identifizieren, verstehen und erkennen zu lernen, um dann bewusst neue, gesunde Muster zu integrieren und den Teufelskreis zu durchbrechen.\u00a0<\/span><\/p><p><span>Wenn Paare sich zu einer Therapie entschlie\u00dfen, hat oft bereits eine Entfremdung stattgefunden, nicht selten steht sogar ein Trennungsgedanke im Raum. Es gilt somit, sich einander wieder anzun\u00e4hern und das zu beleuchten, was Sie noch miteinander verbindet.\u00a0<\/span><\/p><p><span>Durch intensive Gespr\u00e4che und Auseinandersetzung mit ihren individuellen Thematiken, m\u00f6chte ich Sie dabei unterst\u00fctzen, sich einander wieder \u00f6ffnen zu lernen, Bed\u00fcrfnisse frei zu \u00e4u\u00dfern und Emotionen Raum zu geben und sie anzunehmen.\u00a0<\/span><\/p>\t\t\t\t\t\t<\/div>\n\t\t\t\t<\/div>\n\t\t\t\t\t<\/div>\n\t\t<\/div>\n\t\t\t\t\t\t\t<\/div>\n\t\t<\/section>\n\t\t\t\t\t\t<\/div>\n\t\t\t\t\t<\/div>\n\t\t","protected":false},"excerpt":{"rendered":"<p>Missverst\u00e4ndnisse und andauernde Diskussionen entstehen h\u00e4ufig durch, bereits in der Kindheit erlernte, ungesunde Kommunikationsmuster und Verhaltensweisen. In der Paarberatung gilt es diese zu identifizieren, verstehen und erkennen zu lernen, um dann bewusst neue, gesunde Muster zu integrieren und den Teufelskreis zu durchbrechen.\u00a0 Wenn Paare sich zu einer Therapie entschlie\u00dfen, hat [&hellip;]<\/p>\n","protected":false},"author":1,"featured_media":0,"parent":8,"menu_order":3,"comment_status":"closed","ping_status":"closed","template":"","meta":[],"_links":{"self":[{"href":"https:\/\/trauma-emdr.com\/index.php\/wp-json\/wp\/v2\/pages\/74"}],"collection":[{"href":"https:\/\/trauma-emdr.com\/index.php\/wp-json\/wp\/v2\/pages"}],"about":[{"href":"https:\/\/trauma-emdr.com\/index.php\/wp-json\/wp\/v2\/types\/page"}],"author":[{"embeddable":true,"href":"https:\/\/trauma-emdr.com\/index.php\/wp-json\/wp\/v2\/users\/1"}],"replies":[{"embeddable":true,"href":"https:\/\/trauma-emdr.com\/index.php\/wp-json\/wp\/v2\/comments?post=74"}],"version-history":[{"count":4,"href":"https:\/\/trauma-emdr.com\/index.php\/wp-json\/wp\/v2\/pages\/74\/revisions"}],"predecessor-version":[{"id":199,"href":"https:\/\/trauma-emdr.com\/index.php\/wp-json\/wp\/v2\/pages\/74\/revisions\/199"}],"up":[{"embeddable":true,"href":"https:\/\/trauma-emdr.com\/index.php\/wp-json\/wp\/v2\/pages\/8"}],"wp:attachment":[{"href":"https:\/\/trauma-emdr.com\/index.php\/wp-json\/wp\/v2\/media?parent=74"}],"curies":[{"name":"wp","href":"https:\/\/api.w.org\/{rel}","templated":true}]}}