{"id":89,"date":"2018-07-12T14:49:18","date_gmt":"2018-07-12T12:49:18","guid":{"rendered":"http:\/\/trauma-emdr.com\/?page_id=89"},"modified":"2021-11-30T20:20:22","modified_gmt":"2021-11-30T19:20:22","slug":"datenschutzerklaerung","status":"publish","type":"page","link":"https:\/\/trauma-emdr.com\/index.php\/datenschutzerklaerung\/","title":{"rendered":"Impressum und Datenschutzerkl\u00e4rung"},"content":{"rendered":"\t\t<div data-elementor-type=\"wp-page\" data-elementor-id=\"89\" class=\"elementor elementor-89\" data-elementor-settings=\"[]\">\n\t\t\t\t\t\t\t<div class=\"elementor-section-wrap\">\n\t\t\t\t\t\t\t<section class=\"elementor-section elementor-top-section elementor-element elementor-element-6970a4e9 elementor-section-boxed elementor-section-height-default elementor-section-height-default\" data-id=\"6970a4e9\" data-element_type=\"section\">\n\t\t\t\t\t\t<div class=\"elementor-container elementor-column-gap-default\">\n\t\t\t\t\t<div class=\"elementor-column elementor-col-100 elementor-top-column elementor-element elementor-element-20998607\" data-id=\"20998607\" data-element_type=\"column\">\n\t\t\t<div class=\"elementor-widget-wrap elementor-element-populated\">\n\t\t\t\t\t\t\t\t<div class=\"elementor-element elementor-element-2409b4e5 elementor-widget elementor-widget-text-editor\" data-id=\"2409b4e5\" data-element_type=\"widget\" data-widget_type=\"text-editor.default\">\n\t\t\t\t<div class=\"elementor-widget-container\">\n\t\t\t\t\t\t\t<p><b>Regina Wessel-Wydra<\/b><\/p><h2><\/h2><p><span style=\"font-weight: 400;\">Diplom-Sozialwirtin \/ EMDR-Therapeutin \/ Musiktherapeutin\u00a0<\/span><\/p><h2><\/h2><p><span style=\"font-weight: 400;\">K\u00f6nigskinderweg 58<\/span><\/p><p><span style=\"font-weight: 400;\">22457 Hamburg<\/span><\/p><p><span style=\"font-weight: 400;\">Tel. 0157 5261 5341<\/span><\/p><p><a href=\"mailto:Regina.Wessel@freenet.de\"><span style=\"font-weight: 400;\">Regina.Wessel@freenet.de<\/span><\/a><\/p><h2><\/h2><p><span style=\"font-weight: 400;\">Amtsgericht Hamburg\u00a0<\/span><\/p><p><span style=\"font-weight: 400;\">Ust-ID Nr. 54\/615\/00783<\/span><\/p><h2><\/h2><p><span style=\"font-weight: 400;\">Berechtigt durch:\u00a0<\/span><\/p><h2><\/h2><p><span style=\"font-weight: 400;\">ANLP<\/span><span style=\"font-weight: 400;\"><br \/><\/span><span style=\"font-weight: 400;\">Apsley Mills Cottage<\/span><span style=\"font-weight: 400;\"><br \/><\/span><span style=\"font-weight: 400;\">Stationers Place<\/span><span style=\"font-weight: 400;\"><br \/><\/span><span style=\"font-weight: 400;\">Hemel Hempstead<\/span><span style=\"font-weight: 400;\"><br \/><\/span><span style=\"font-weight: 400;\">HP3 9RH<\/span><\/p><h2><\/h2><p><\/p><ol><li><b> Datenschutz auf einen Blick<\/b><\/li><\/ol><p><b>Allgemeine Hinweise<\/b><\/p><p><span style=\"font-weight: 400;\">Die folgenden Hinweise geben einen einfachen \u00dcberblick dar\u00fcber, was mit Ihren personenbezogenen Daten passiert, wenn Sie unsere Website besuchen. Personenbezogene Daten sind alle Daten, mit denen Sie pers\u00f6nlich identifiziert werden k\u00f6nnen. Ausf\u00fchrliche Informationen zum Thema Datenschutz entnehmen Sie unserer unter diesem Text aufgef\u00fchrten Datenschutzerkl\u00e4rung.<\/span><\/p><p><span style=\"font-weight: 400;\">Datenerfassung auf unserer Website<\/span><\/p><h2><\/h2><p><b>Wer ist verantwortlich f\u00fcr die Datenerfassung auf dieser Website?<\/b><\/p><h2><\/h2><p><span style=\"font-weight: 400;\">Die Datenverarbeitung auf dieser Website erfolgt durch den Websitebetreiber. Dessen Kontaktdaten k\u00f6nnen Sie dem Impressum dieser Website entnehmen.<\/span><\/p><h2><\/h2><p><b>Wie erfassen wir Ihre Daten?<\/b><\/p><h2><\/h2><p><span style=\"font-weight: 400;\">Ihre Daten werden zum einen dadurch erhoben, dass Sie uns diese mitteilen. Hierbei kann es sich z.B. um Daten handeln, die Sie in ein Kontaktformular eingeben.<\/span><\/p><p><span style=\"font-weight: 400;\">Andere Daten werden automatisch beim Besuch der Website durch unsere IT-Systeme erfasst. Das sind vor allem technische Daten (z.B. Internetbrowser, Betriebssystem oder Uhrzeit des Seitenaufrufs). Die Erfassung dieser Daten erfolgt automatisch, sobald Sie unsere Website betreten.<\/span><\/p><p><b>Wof\u00fcr nutzen wir Ihre Daten?<\/b><\/p><h2><\/h2><p><span style=\"font-weight: 400;\">Ein Teil der Daten wird erhoben, um eine fehlerfreie Bereitstellung der Website zu gew\u00e4hrleisten. Andere Daten k\u00f6nnen zur Analyse Ihres Nutzerverhaltens verwendet werden.<\/span><\/p><h2><\/h2><p><b>Welche Rechte haben Sie bez\u00fcglich Ihrer Daten?<\/b><\/p><h2><\/h2><p><span style=\"font-weight: 400;\">Sie haben jederzeit das Recht unentgeltlich Auskunft \u00fcber Herkunft, Empf\u00e4nger und Zweck Ihrer gespeicherten personenbezogenen Daten zu erhalten. Sie haben au\u00dferdem ein Recht, die Berichtigung, Sperrung oder L\u00f6schung dieser Daten zu verlangen. Hierzu sowie zu weiteren Fragen zum Thema Datenschutz k\u00f6nnen Sie sich jederzeit unter der im Impressum angegebenen Adresse an uns wenden. Des Weiteren steht Ihnen ein Beschwerderecht bei der zust\u00e4ndigen Aufsichtsbeh\u00f6rde zu.<\/span><\/p><h2><\/h2><p><b>Analyse-Tools und Tools von Drittanbietern<\/b><\/p><h2><\/h2><p><span style=\"font-weight: 400;\">Beim Besuch unserer Website kann Ihr Surf-Verhalten statistisch ausgewertet werden. Das geschieht vor allem mit Cookies und mit sogenannten Analyseprogrammen. Die Analyse Ihres Surf-Verhaltens erfolgt in der Regel anonym; das Surf-Verhalten kann nicht zu Ihnen zur\u00fcckverfolgt werden. Sie k\u00f6nnen dieser Analyse widersprechen oder sie durch die Nichtbenutzung bestimmter Tools verhindern. Detaillierte Informationen dazu finden Sie in der folgenden Datenschutzerkl\u00e4rung. Sie k\u00f6nnen dieser Analyse widersprechen. \u00dcber die Widerspruchsm\u00f6glichkeiten werden wir Sie in dieser Datenschutzerkl\u00e4rung informieren.<\/span><\/p><h2><\/h2><ol start=\"2\"><li><b> Allgemeine Hinweise und Pflichtinformationen<\/b><\/li><\/ol><h2><\/h2><p><b>Datenschutz<\/b><\/p><h2><\/h2><p><span style=\"font-weight: 400;\">Die Betreiber dieser Seiten nehmen den Schutz Ihrer pers\u00f6nlichen Daten sehr ernst. Wir behandeln Ihre personenbezogenen Daten vertraulich und entsprechend der gesetzlichen Datenschutzvorschriften sowie dieser Datenschutzerkl\u00e4rung.<\/span><\/p><p><span style=\"font-weight: 400;\">Wenn Sie diese Website benutzen, werden verschiedene personenbezogene Daten erhoben. Personenbezogene Daten sind Daten, mit denen Sie pers\u00f6nlich identifiziert werden k\u00f6nnen. Die vorliegende Datenschutzerkl\u00e4rung erl\u00e4utert, welche Daten wir erheben und wof\u00fcr wir sie nutzen. Sie erl\u00e4utert auch, wie und zu welchem Zweck das geschieht.<\/span><\/p><p><span style=\"font-weight: 400;\">Wir weisen darauf hin, dass die Daten\u00fcbertragung im Internet (z.B. bei der Kommunikation per E-Mail) Sicherheitsl\u00fccken aufweisen kann. Ein l\u00fcckenloser Schutz der Daten vor dem Zugriff durch Dritte ist nicht m\u00f6glich.<\/span><\/p><h2><\/h2><p><b>Recht auf Daten\u00fcbertragbarkeit<\/b><\/p><h2><\/h2><p><span style=\"font-weight: 400;\">Sie haben das Recht, Daten, die wir auf Grundlage Ihrer Einwilligung oder in Erf\u00fcllung eines Vertrags automatisiert verarbeiten, an sich oder an einen Dritten in einem g\u00e4ngigen, maschinenlesbaren Format aush\u00e4ndigen zu lassen. Sofern Sie die direkte \u00dcbertragung der Daten an einen anderen Verantwortlichen verlangen, erfolgt dies nur, soweit es technisch machbar ist.<\/span><\/p><h2><br \/><br \/><\/h2><ol start=\"3\"><li><b> Datenerfassung auf unserer Website<\/b><\/li><\/ol><h2><\/h2><p><b>Server-Log-Dateien<\/b><\/p><h2><\/h2><p><span style=\"font-weight: 400;\">Der Provider der Seiten erhebt und speichert automatisch Informationen in so genannten Server-Log-Dateien, die Ihr Browser automatisch an uns \u00fcbermittelt. Dies sind:<\/span><\/p><h2><\/h2><ul><li style=\"font-weight: 400;\" aria-level=\"1\"><span style=\"font-weight: 400;\">Browsertyp und Browserversion<\/span><\/li><li style=\"font-weight: 400;\" aria-level=\"1\"><span style=\"font-weight: 400;\">verwendetes Betriebssystem<\/span><\/li><li style=\"font-weight: 400;\" aria-level=\"1\"><span style=\"font-weight: 400;\">Referrer URL<\/span><\/li><li style=\"font-weight: 400;\" aria-level=\"1\"><span style=\"font-weight: 400;\">Hostname des zugreifenden Rechners<\/span><\/li><li style=\"font-weight: 400;\" aria-level=\"1\"><span style=\"font-weight: 400;\">Uhrzeit der Serveranfrage<\/span><\/li><li style=\"font-weight: 400;\" aria-level=\"1\"><span style=\"font-weight: 400;\">IP-Adresse<\/span><\/li><\/ul><h2><\/h2><p><span style=\"font-weight: 400;\">Eine Zusammenf\u00fchrung dieser Daten mit anderen Datenquellen wird nicht vorgenommen.<\/span><\/p><p><span style=\"font-weight: 400;\">Die Erfassung dieser Daten erfolgt auf Grundlage von Art. 6 Abs. 1 lit. f DSGVO. Der Webseitenbetreiber hat ein berechtigtes Interesse an der technisch fehlerfreien Darstellung und der Optimierung seiner Webseite \u2013 hierzu m\u00fcssen die Server-Log-Files erfasst werden.<\/span><\/p><h2><br \/><br \/><\/h2>\t\t\t\t\t\t<\/div>\n\t\t\t\t<\/div>\n\t\t\t\t\t<\/div>\n\t\t<\/div>\n\t\t\t\t\t\t\t<\/div>\n\t\t<\/section>\n\t\t\t\t\t\t<\/div>\n\t\t\t\t\t<\/div>\n\t\t","protected":false},"excerpt":{"rendered":"<p>Regina Wessel-Wydra Diplom-Sozialwirtin \/ EMDR-Therapeutin \/ Musiktherapeutin&nbsp; K\u00f6nigskinderweg 58 22457 Hamburg Tel. 0157 5261 5341 Regina.Wessel@freenet.de Amtsgericht Hamburg&nbsp; Ust-ID Nr. 54\/615\/00783 Berechtigt durch:&nbsp; ANLP Apsley Mills Cottage Stationers Place Hemel Hempstead HP3 9RH Datenschutz auf einen Blick Allgemeine Hinweise Die folgenden Hinweise geben einen einfachen \u00dcberblick dar\u00fcber, was mit Ihren [&hellip;]<\/p>\n","protected":false},"author":1,"featured_media":0,"parent":0,"menu_order":0,"comment_status":"closed","ping_status":"closed","template":"","meta":[],"_links":{"self":[{"href":"https:\/\/trauma-emdr.com\/index.php\/wp-json\/wp\/v2\/pages\/89"}],"collection":[{"href":"https:\/\/trauma-emdr.com\/index.php\/wp-json\/wp\/v2\/pages"}],"about":[{"href":"https:\/\/trauma-emdr.com\/index.php\/wp-json\/wp\/v2\/types\/page"}],"author":[{"embeddable":true,"href":"https:\/\/trauma-emdr.com\/index.php\/wp-json\/wp\/v2\/users\/1"}],"replies":[{"embeddable":true,"href":"https:\/\/trauma-emdr.com\/index.php\/wp-json\/wp\/v2\/comments?post=89"}],"version-history":[{"count":7,"href":"https:\/\/trauma-emdr.com\/index.php\/wp-json\/wp\/v2\/pages\/89\/revisions"}],"predecessor-version":[{"id":171,"href":"https:\/\/trauma-emdr.com\/index.php\/wp-json\/wp\/v2\/pages\/89\/revisions\/171"}],"wp:attachment":[{"href":"https:\/\/trauma-emdr.com\/index.php\/wp-json\/wp\/v2\/media?parent=89"}],"curies":[{"name":"wp","href":"https:\/\/api.w.org\/{rel}","templated":true}]}}